{"id":324,"date":"2017-05-07T00:14:51","date_gmt":"2017-05-06T22:14:51","guid":{"rendered":"http:\/\/rk-wetter.de\/?page_id=324"},"modified":"2021-10-05T13:13:45","modified_gmt":"2021-10-05T11:13:45","slug":"ueber-uns","status":"publish","type":"page","link":"https:\/\/rk-wetter.de\/?page_id=324","title":{"rendered":"\u00dcber uns"},"content":{"rendered":"<p>Wir sind ein Zusammenschluss von ehemaligen Soldatinnen und Soldaten der Bundeswehr und sind im Verband der Reservisten <span class=\"textexposedshow\">der Deutschen Bundeswehr (VdRBw) organisiert. Der VdRBw wurde 1960 gegr\u00fcndet und umfasst jetzt \u00fcber 123.000 Mitglieder aller Dienstgradgruppen.<br \/>\nWir Reservisten sind \u00fcberparteilich und wirken im Auftrag des Deutschen Bundestages als besonderer Tr\u00e4ger der freiwilligen Reservistenarbeit au\u00dferhalb der Bundeswehr und sind somit <strong>Mittler zwischen Bundeswehr (BW) und Gesellschaft<\/strong>.<br \/>\nEin wesentlicher Inhalt der Freiwilligen Reservistenarbeit ist die sicherheitspolitische Arbeit. Sie hat zum Ziel, dass wir in unserem zivilen Umfeld die sicherheitspolitischen Interessen der Bundeswehr in der \u00d6ffentlichkeit vertreten. Hierzu bietet die Bundeswehr ein breit angelegtes Ausbildungsprogramm an, in dem interessierte Soldatinnen und Soldaten in ihrem milit\u00e4rischen Fortkommen gef\u00f6rdert werden.<\/span><\/p>\n<p>Zu den T\u00e4tigkeiten der Kameradinnen und Kameraden insbesondere in der RK-Wetter geh\u00f6ren zahlreichen Veranstaltungen wie zum Beispiel:<\/p>\n<ul>\n<li>Sicherheitspolitische Weiterbildungen<\/li>\n<li>Museumsbesuche<\/li>\n<li>3 t\u00e4giges Ausbildungsbiwak<\/li>\n<li>Sommer-, sowie Winterm\u00e4rsche<\/li>\n<li>Leistungs-, Gedenkm\u00e4rsche im In- und Ausland<\/li>\n<li>Ausbildung in Erster Hilfe (Ersthelfer Alpha)<\/li>\n<li>nationale und internationale Schie\u00dfveranstaltungen<\/li>\n<li>Milit\u00e4rwettk\u00e4mpfe<\/li>\n<li>F\u00f6rderung milit\u00e4rischer F\u00e4higkeiten<\/li>\n<li>ZMZ (zivil, milit\u00e4rische Zusammenarbeit)<\/li>\n<li>und vieles, vieles mehr &#8230;&#8230;..<\/li>\n<\/ul>\n","protected":false},"excerpt":{"rendered":"<p>Wir sind ein Zusammenschluss von ehemaligen Soldatinnen und Soldaten der Bundeswehr und sind im Verband der Reservisten der Deutschen Bundeswehr (VdRBw) organisiert. Der VdRBw wurde 1960 gegr\u00fcndet und umfasst jetzt \u00fcber 123.000 Mitglieder aller Dienstgradgruppen. Wir Reservisten sind \u00fcberparteilich und wirken im Auftrag des Deutschen Bundestages als besonderer Tr\u00e4ger der freiwilligen Reservistenarbeit au\u00dferhalb der Bundeswehr &hellip; <\/p>\n<p><a class=\"more-link btn\" href=\"https:\/\/rk-wetter.de\/?page_id=324\">Weiterlesen<\/a><\/p>\n","protected":false},"author":1,"featured_media":0,"parent":10,"menu_order":0,"comment_status":"closed","ping_status":"closed","template":"","meta":{"ngg_post_thumbnail":0,"footnotes":""},"_links":{"self":[{"href":"https:\/\/rk-wetter.de\/index.php?rest_route=\/wp\/v2\/pages\/324"}],"collection":[{"href":"https:\/\/rk-wetter.de\/index.php?rest_route=\/wp\/v2\/pages"}],"about":[{"href":"https:\/\/rk-wetter.de\/index.php?rest_route=\/wp\/v2\/types\/page"}],"author":[{"embeddable":true,"href":"https:\/\/rk-wetter.de\/index.php?rest_route=\/wp\/v2\/users\/1"}],"replies":[{"embeddable":true,"href":"https:\/\/rk-wetter.de\/index.php?rest_route=%2Fwp%2Fv2%2Fcomments&post=324"}],"version-history":[{"count":4,"href":"https:\/\/rk-wetter.de\/index.php?rest_route=\/wp\/v2\/pages\/324\/revisions"}],"predecessor-version":[{"id":903,"href":"https:\/\/rk-wetter.de\/index.php?rest_route=\/wp\/v2\/pages\/324\/revisions\/903"}],"up":[{"embeddable":true,"href":"https:\/\/rk-wetter.de\/index.php?rest_route=\/wp\/v2\/pages\/10"}],"wp:attachment":[{"href":"https:\/\/rk-wetter.de\/index.php?rest_route=%2Fwp%2Fv2%2Fmedia&parent=324"}],"curies":[{"name":"wp","href":"https:\/\/api.w.org\/{rel}","templated":true}]}}