{"id":183,"date":"2017-05-06T16:53:31","date_gmt":"2017-05-06T14:53:31","guid":{"rendered":"http:\/\/rk-wetter.de\/?page_id=183"},"modified":"2021-10-04T08:50:34","modified_gmt":"2021-10-04T06:50:34","slug":"geschichte-der-rk","status":"publish","type":"page","link":"https:\/\/rk-wetter.de\/?page_id=183","title":{"rendered":"Geschichte der RK"},"content":{"rendered":"<p><strong>Die Vorsitzenden seit der Gr\u00fcndung 1973<\/strong><\/p>\n<div id=\"attachment_371\" style=\"width: 197px\" class=\"wp-caption alignnone\"><img loading=\"lazy\" decoding=\"async\" aria-describedby=\"caption-attachment-371\" class=\"size-full wp-image-371\" src=\"http:\/\/rk-wetter.de\/wp-content\/uploads\/2017\/05\/33006160.jpg\" alt=\"\" width=\"197\" height=\"300\"><p id=\"caption-attachment-371\" class=\"wp-caption-text\">SU d.R. Hans-Werner T\u00f6nis&nbsp; &nbsp; &nbsp; &nbsp; &nbsp; 1973 &#8211; 1985<\/p><\/div>\n<div id=\"attachment_372\" style=\"width: 154px\" class=\"wp-caption alignnone\"><img loading=\"lazy\" decoding=\"async\" aria-describedby=\"caption-attachment-372\" class=\"size-full wp-image-372\" src=\"http:\/\/rk-wetter.de\/wp-content\/uploads\/2017\/05\/big_33006148_0_154-300.jpg\" alt=\"\" width=\"154\" height=\"300\"><p id=\"caption-attachment-372\" class=\"wp-caption-text\">OFw d.R. Kurt Fedde&nbsp; &nbsp; &nbsp;1985 &#8211; 2001<\/p><\/div>\n<p><img loading=\"lazy\" decoding=\"async\" class=\"size-full wp-image-373\" style=\"font-weight: bold;\" src=\"http:\/\/rk-wetter.de\/wp-content\/uploads\/2017\/05\/big_33011652_0_157-300.jpg\" alt=\"\" width=\"157\" height=\"300\"><\/p>\n<h6>&nbsp; &nbsp; &nbsp; OG d.R J\u00f6rg Schneider<br \/>\n&nbsp; &nbsp; &nbsp; &nbsp; &nbsp; &nbsp; &nbsp; &nbsp; &nbsp; 2001 &#8211; 2013<\/h6>\n<div id=\"attachment_374\" style=\"width: 214px\" class=\"wp-caption alignnone\"><img loading=\"lazy\" decoding=\"async\" aria-describedby=\"caption-attachment-374\" class=\"size-full wp-image-374\" src=\"http:\/\/rk-wetter.de\/wp-content\/uploads\/2017\/05\/big_33011658_0_214-300.jpg\" alt=\"\" width=\"214\" height=\"300\"><p id=\"caption-attachment-374\" class=\"wp-caption-text\">SG d.R. T.Steinke-Wisch&nbsp; &nbsp; &nbsp; &nbsp; &nbsp; &nbsp; &nbsp; &nbsp; &nbsp; &nbsp; &nbsp; &nbsp; 2013 &#8211; 2017<\/p><\/div>\n<p><img loading=\"lazy\" decoding=\"async\" class=\"alignnone size-medium wp-image-797\" src=\"http:\/\/rk-wetter.de\/wp-content\/uploads\/2021\/10\/Michael-98x300.jpg\" alt=\"\" width=\"98\" height=\"300\" srcset=\"https:\/\/rk-wetter.de\/wp-content\/uploads\/2021\/10\/Michael-98x300.jpg 98w, https:\/\/rk-wetter.de\/wp-content\/uploads\/2021\/10\/Michael.jpg 330w\" sizes=\"(max-width: 98px) 100vw, 98px\" \/><\/p>\n<h6>&nbsp; &nbsp; &nbsp; OLT d.R.&nbsp; Michael Tolksdorf&nbsp;<br \/>\n&nbsp; &nbsp; &nbsp; &nbsp; &nbsp; &nbsp; &nbsp; &nbsp; &nbsp; &nbsp; &nbsp;2017 &#8211;<\/h6>\n<p>Bereits vor 1973 hat bereits eine Reservistenkameradschaft in Wetter existiert.<\/p>\n<p>Nach Angaben des Gr\u00fcndungs-Vorsitzenden trafen sich monatlich lediglich zwei bis drei Reservisten und zwei F\u00f6rderer in der ehemaligen Ratssch\u00e4nke (gegen\u00fcber dem Rathaus), f\u00fchrten kameradschaftliche Gespr\u00e4che und tauschten Veranstaltungstermine aus.<\/p>\n<p>Diese Reservisten nahmen an den Schul- und \u00dcbungsschie\u00dfen der Bundeswehr teil.<\/p>\n<p>Bei diesen Schie\u00dfen in Hemer-Landhausen (ehemalige Bundeswehr Standort-Schie\u00dfanlage, sp\u00e4ter umbenannt in Iserlohn-S\u00fcmmern) wurden Kontakte zu Kameraden aus Gevelsberg, Ennepetal und Schwelm gekn\u00fcpft. In den vor genannten St\u00e4dten waren \u00e4hnliche Strukturen wie in Wetter, ja noch schlimmer, denn man hatte im laufe der Zeit und mangels Interesse an der Reservistenarbeit, aus den Kameradschaften Angel- und Kegelvereine gebildet.<\/p>\n<p>Die verbliebenen Reservisten waren jeweils zu wenige, um noch funktionierende Kameradschaften zu bilden. Also entschloss man sich im Mai 1973 in Wetter eine neue Reservisten-Kameradschaft, mit damals stolzen 37 Mitgliedern aus den o.g. St\u00e4dten, zu gr\u00fcnden.<\/p>\n<p>Vorsitzender wurde SU d.R. Hans-Werner T\u00f6nis aus Hagen-Vorhalle, Stellvertreter Gefr.d.R. Helmut Heiermann aus Ennepetal und Kassenwart SU d.R. Hans-Werner K\u00f6hl aus Witten-Annen.<\/p>\n<p>Die neue Kameradschaft war der Kreisgruppe Schwelm untergliedert und wurde von der Bundeswehr (Verteidigungskreiskommando 344) vom damaligen Hauptfeldwebel f\u00fcr Reservisten HFw Detlef Zuleger mit Sitz im Kreiswehrersatzamt Schwelm betreut.<\/p>\n<p>Schon drei Monate sp\u00e4ter wurde die Kreisgruppe Schwelm aufgel\u00f6st und der zust\u00e4ndige HFw f\u00fcr Reservisten wechselte ebenfalls. Am 31.08.1973 gr\u00fcndete man die neue Kreisgruppe Iserlohn-Hemer in die nun auch die RK Wetter eingegliedert wurde. In Schwelm bekleidete HFw Hermann Schruhl das Amt des neuen HFw f\u00fcr Reservisten. Von Seiten des VdRBw war Kreis-Organisationsleiter Fritz L\u00fcttich zust\u00e4ndig. Ihm folgte im Oktober 1977 OrgLtr Burghard Kux. Bereits im Februar 1979 wurde dieser durch OrgLtr Bernd M\u00fcnstermann und dieser wiederum im Dezember 1981 durch OrgLtr. Horst-R\u00fcdiger Quade ersetzt.<\/p>\n<p>Ein Wechsel der Vereinsgastst\u00e4tte, in der man sich jeden 1. Freitag im Monat zum Kameradschaftsabend traf, stand an und die RK Wetter w\u00e4hlte die Gastst\u00e4tte \u201eZum Ostholz\u201c in Wetter-Grundsch\u00f6ttel.<\/p>\n<p>In der Zeit von 1973 bis 1979 war das Interesse an milit\u00e4rischer Ausbildung sehr gesch\u00e4tzt.<\/p>\n<p>Die Kameraden nahmen mit gro\u00dfem Erfolg an Marsch-, sowie nationalen und internationalen Schie\u00dfwettbewerben teil. Kr\u00f6nung war die Qualifikation einer Mannschaft mit vier Kameraden der RK Wetter, die bei dem Bundeswettkampf \u201eMilit\u00e4r-Patrouille\u201c in B\u00f6blingen teilnehmen durfte und dort von 70 Mannschaften einen mittleren Platz belegte. Zahlreiche Siege und Schie\u00dfpokale konnten von der RK Wetter errungen werden.<\/p>\n<p>J\u00e4hrlich fand ein Ausbildungsbiwak auf dem Gel\u00e4nde Gut Steinhausen in Wetter-Grundsch\u00f6ttel statt. Soldaten der englischen Rheinarmee, die durch die guten Kontakte zu dem Panzer-Reparaturwerk \u201e23 Base Workshop REME Wetter\u201c mit der RK Wetter verbunden waren, z\u00e4hlten auch zu den Teilnehmern des Biwak. Viele sch\u00f6ne Abende konnten die Kameraden bei den Briten in der Sergeant Mess verbringen und Schie\u00dfwettbewerbe auf dem Werksgel\u00e4nde durchf\u00fchren.<\/p>\n<p>Zwischenzeitlich war der Mitgliederstand auf \u00fcber 80 Kameraden und F\u00f6rderer angestiegen.<\/p>\n<p>Als das Interesse an milit\u00e4rischer Ausbildung abflachte, wurde 1979 die erste Kreisoffene Reservistenarbeitsgemeinschaft Schie\u00dfsport (RAG S Wetter) von den Kameraden der RK Wetter gegr\u00fcndet.<\/p>\n<p>Anf\u00e4nglich konnte man mit eigenen milit\u00e4rischen und sp\u00e4ter auch mit zivilen Waffen dem Schie\u00dfsport fr\u00f6nen.<\/p>\n<p>1985, 12 Jahre nach Gr\u00fcndung \u00fcbernahm OFw d.R. Kurt Fedde das Amt des Vorsitzenden, inzwischen wurde das Kreiswehrersatzamt Schwelm aufgel\u00f6st und die RK Wetter erhielt ihre Bundeswehrbetreuung vom Verteidigungskreiskommando 344 Hemer, HFw Luzyna, danach HFw Gottschalk.<\/p>\n<p>Weitere Eckdaten:<\/p>\n<p>HFw Rolf Starker (FwRes des VBK 34 Arnsberg) war zusammen mit der Kreisgesch\u00e4ftsstelle in der Bl\u00fccher-Kaserne in Hemer stationiert und wurde im Oktober 1994 nach Dortmund versetzt. HFw Henner Henkel l\u00f6ste ihn ab und wurde danach von HFw Markus Schumacher (FwRes Landeskommando NRW) abgel\u00f6st.<\/p>\n<p>Aufl\u00f6sung der KG Iserlohn-Hemer am 21.01.2006.<\/p>\n<p>Am gleichen Tag Neugr\u00fcndung der KG Unna und Eingliederung der RK Wetter in diese neue Kreisgruppe.<\/p>\n<p>Aktuell hat die Reservistenkameradschaft Wetter etwas mehr als 150 Mitglieder und ist somit einer der gr\u00f6\u00dften RK\u00b4en in der Kreisgruppe Unna.<\/p>\n","protected":false},"excerpt":{"rendered":"<p>Die Vorsitzenden seit der Gr\u00fcndung 1973 &nbsp; &nbsp; &nbsp; OG d.R J\u00f6rg Schneider &nbsp; &nbsp; &nbsp; &nbsp; &nbsp; &nbsp; &nbsp; &nbsp; &nbsp; 2001 &#8211; 2013 &nbsp; &nbsp; &nbsp; OLT d.R.&nbsp; Michael Tolksdorf&nbsp; &nbsp; &nbsp; &nbsp; &nbsp; &nbsp; &nbsp; &nbsp; &nbsp; &nbsp; &nbsp; &nbsp;2017 &#8211; Bereits vor 1973 hat bereits eine Reservistenkameradschaft in Wetter existiert. Nach &hellip; <\/p>\n<p><a class=\"more-link btn\" href=\"https:\/\/rk-wetter.de\/?page_id=183\">Weiterlesen<\/a><\/p>\n","protected":false},"author":1,"featured_media":0,"parent":10,"menu_order":7,"comment_status":"closed","ping_status":"closed","template":"","meta":{"ngg_post_thumbnail":0,"footnotes":""},"_links":{"self":[{"href":"https:\/\/rk-wetter.de\/index.php?rest_route=\/wp\/v2\/pages\/183"}],"collection":[{"href":"https:\/\/rk-wetter.de\/index.php?rest_route=\/wp\/v2\/pages"}],"about":[{"href":"https:\/\/rk-wetter.de\/index.php?rest_route=\/wp\/v2\/types\/page"}],"author":[{"embeddable":true,"href":"https:\/\/rk-wetter.de\/index.php?rest_route=\/wp\/v2\/users\/1"}],"replies":[{"embeddable":true,"href":"https:\/\/rk-wetter.de\/index.php?rest_route=%2Fwp%2Fv2%2Fcomments&post=183"}],"version-history":[{"count":8,"href":"https:\/\/rk-wetter.de\/index.php?rest_route=\/wp\/v2\/pages\/183\/revisions"}],"predecessor-version":[{"id":801,"href":"https:\/\/rk-wetter.de\/index.php?rest_route=\/wp\/v2\/pages\/183\/revisions\/801"}],"up":[{"embeddable":true,"href":"https:\/\/rk-wetter.de\/index.php?rest_route=\/wp\/v2\/pages\/10"}],"wp:attachment":[{"href":"https:\/\/rk-wetter.de\/index.php?rest_route=%2Fwp%2Fv2%2Fmedia&parent=183"}],"curies":[{"name":"wp","href":"https:\/\/api.w.org\/{rel}","templated":true}]}}